{"id":59,"date":"2010-08-21T00:36:22","date_gmt":"2010-08-20T22:36:22","guid":{"rendered":"http:\/\/mmed.roulleau.net\/?page_id=59"},"modified":"2010-08-21T00:36:22","modified_gmt":"2010-08-20T22:36:22","slug":"qui-suis-je","status":"publish","type":"page","link":"https:\/\/mmed.roulleau.net\/?page_id=59","title":{"rendered":"Qui suis-je ?"},"content":{"rendered":"<p><em>\u00ab\u00a0N\u00e9 en 1982, Gwendal Roulleau fut un petit gar\u00e7on exemplaire pendant sa jeunesse. Puis il d\u00e9couvrit l&rsquo;Ordinateur Personnel et sa vie bascula.\u00a0\u00bb<\/em><\/p>\n<p>L&rsquo;auteur de ce blog allie la passion pour les nouvelles technologies avec une rare comp\u00e9tence d&rsquo;\u00e9criture, le tout magnifi\u00e9 par un esprit clair et concis.<\/p>\n<p>De plus, il aime la modestie et parler de lui \u00e0 la troisi\u00e8me personne.<\/p>\n<p>Dipl\u00f4m\u00e9 ing\u00e9nieur en informatique (<em>what else?<\/em>), il travaille actuellement pour une grande SSII dans les technologies J2EE, et partage son temps libre entre ses diverses passions dont fait partie, vous vous en doutez, l&rsquo;informatique.<\/p>\n<p><a href=\"http:\/\/www.viadeo.com\/fr\/profile\/gwendal.roulleau\">Profil Viad\u00e9o<\/a><\/p>\n","protected":false},"excerpt":{"rendered":"<p>\u00ab\u00a0N\u00e9 en 1982, Gwendal Roulleau fut un petit gar\u00e7on exemplaire pendant sa jeunesse. Puis il d\u00e9couvrit l&rsquo;Ordinateur Personnel et sa vie bascula.\u00a0\u00bb L&rsquo;auteur de ce blog allie la passion pour les nouvelles technologies avec une rare comp\u00e9tence d&rsquo;\u00e9criture, le tout magnifi\u00e9 par un esprit clair et concis. De plus, il aime la modestie et parler [&hellip;]<\/p>\n","protected":false},"author":1,"featured_media":0,"parent":0,"menu_order":0,"comment_status":"open","ping_status":"closed","template":"","meta":[],"_links":{"self":[{"href":"https:\/\/mmed.roulleau.net\/index.php?rest_route=\/wp\/v2\/pages\/59"}],"collection":[{"href":"https:\/\/mmed.roulleau.net\/index.php?rest_route=\/wp\/v2\/pages"}],"about":[{"href":"https:\/\/mmed.roulleau.net\/index.php?rest_route=\/wp\/v2\/types\/page"}],"author":[{"embeddable":true,"href":"https:\/\/mmed.roulleau.net\/index.php?rest_route=\/wp\/v2\/users\/1"}],"replies":[{"embeddable":true,"href":"https:\/\/mmed.roulleau.net\/index.php?rest_route=%2Fwp%2Fv2%2Fcomments&post=59"}],"version-history":[{"count":0,"href":"https:\/\/mmed.roulleau.net\/index.php?rest_route=\/wp\/v2\/pages\/59\/revisions"}],"wp:attachment":[{"href":"https:\/\/mmed.roulleau.net\/index.php?rest_route=%2Fwp%2Fv2%2Fmedia&parent=59"}],"curies":[{"name":"wp","href":"https:\/\/api.w.org\/{rel}","templated":true}]}}